{"id":20280,"date":"2024-03-06T14:53:27","date_gmt":"2024-03-06T12:53:27","guid":{"rendered":"https:\/\/fam-stumabo.com\/?page_id=20280"},"modified":"2026-03-17T15:23:15","modified_gmt":"2026-03-17T13:23:15","slug":"patenty-wlasnosc-intelektualna","status":"publish","type":"page","link":"https:\/\/fam-stumabo.com\/pl\/patenty-wlasnosc-intelektualna\/","title":{"rendered":"Patenty i w\u0142asno\u015b\u0107 intelektualna"},"content":{"rendered":"","protected":false},"excerpt":{"rendered":"","protected":false},"author":5,"featured_media":0,"parent":0,"menu_order":27,"comment_status":"closed","ping_status":"closed","template":"","meta":{"_acf_changed":false,"content-type":"","footnotes":""},"class_list":["post-20280","page","type-page","status-publish","hentry"],"acf":[],"_links":{"self":[{"href":"https:\/\/fam-stumabo.com\/pl\/wp-json\/wp\/v2\/pages\/20280","targetHints":{"allow":["GET"]}}],"collection":[{"href":"https:\/\/fam-stumabo.com\/pl\/wp-json\/wp\/v2\/pages"}],"about":[{"href":"https:\/\/fam-stumabo.com\/pl\/wp-json\/wp\/v2\/types\/page"}],"author":[{"embeddable":true,"href":"https:\/\/fam-stumabo.com\/pl\/wp-json\/wp\/v2\/users\/5"}],"replies":[{"embeddable":true,"href":"https:\/\/fam-stumabo.com\/pl\/wp-json\/wp\/v2\/comments?post=20280"}],"version-history":[{"count":4,"href":"https:\/\/fam-stumabo.com\/pl\/wp-json\/wp\/v2\/pages\/20280\/revisions"}],"predecessor-version":[{"id":33678,"href":"https:\/\/fam-stumabo.com\/pl\/wp-json\/wp\/v2\/pages\/20280\/revisions\/33678"}],"wp:attachment":[{"href":"https:\/\/fam-stumabo.com\/pl\/wp-json\/wp\/v2\/media?parent=20280"}],"curies":[{"name":"wp","href":"https:\/\/api.w.org\/{rel}","templated":true}]}}